{"id":2138,"date":"2025-01-26T20:54:30","date_gmt":"2025-01-26T20:54:30","guid":{"rendered":"https:\/\/axxalon.com\/merci\/"},"modified":"2025-07-26T21:09:44","modified_gmt":"2025-07-26T21:09:44","slug":"merci","status":"publish","type":"page","link":"https:\/\/axxalon.com\/fr\/merci\/","title":{"rendered":"Merci !"},"content":{"rendered":"<div class=\"fusion-fullwidth fullwidth-box fusion-builder-row-1 fusion-flex-container has-pattern-background has-mask-background nonhundred-percent-fullwidth non-hundred-percent-height-scrolling\" style=\"--awb-border-radius-top-left:0px;--awb-border-radius-top-right:0px;--awb-border-radius-bottom-right:0px;--awb-border-radius-bottom-left:0px;--awb-flex-wrap:wrap;\" ><div class=\"fusion-builder-row fusion-row fusion-flex-align-items-flex-start fusion-flex-content-wrap\" style=\"max-width:1248px;margin-left: calc(-4% \/ 2 );margin-right: calc(-4% \/ 2 );\"><div class=\"fusion-layout-column fusion_builder_column fusion-builder-column-0 fusion_builder_column_1_1 1_1 fusion-flex-column\" style=\"--awb-bg-size:cover;--awb-width-large:100%;--awb-margin-top-large:0px;--awb-spacing-right-large:1.92%;--awb-margin-bottom-large:20px;--awb-spacing-left-large:1.92%;--awb-width-medium:100%;--awb-order-medium:0;--awb-spacing-right-medium:1.92%;--awb-spacing-left-medium:1.92%;--awb-width-small:100%;--awb-order-small:0;--awb-spacing-right-small:1.92%;--awb-spacing-left-small:1.92%;\"><div class=\"fusion-column-wrapper fusion-column-has-shadow fusion-flex-justify-content-flex-start fusion-content-layout-column\"><div class=\"fusion-text fusion-text-1\"><h1>Merci pour votre message !<\/h1>\n<p>Nous vous enverrons rapidement les acc\u00e8s \u00e0 votre version d&rsquo;essai gratuite ainsi que des informations compl\u00e9mentaires.<\/p>\n<\/div><\/div><\/div><\/div><\/div>\n","protected":false},"excerpt":{"rendered":"","protected":false},"author":1,"featured_media":0,"parent":0,"menu_order":0,"comment_status":"closed","ping_status":"closed","template":"100-width.php","meta":{"footnotes":""},"class_list":["post-2138","page","type-page","status-publish","hentry"],"yoast_head":"<!-- This site is optimized with the Yoast SEO plugin v27.3 - https:\/\/yoast.com\/product\/yoast-seo-wordpress\/ -->\n<title>Merci ! - axxalon.com<\/title>\n<meta name=\"robots\" content=\"noindex, follow\" \/>\n<meta property=\"og:locale\" content=\"fr_FR\" \/>\n<meta property=\"og:type\" content=\"article\" \/>\n<meta property=\"og:title\" content=\"Merci ! - axxalon.com\" \/>\n<meta property=\"og:url\" content=\"https:\/\/axxalon.com\/fr\/merci\/\" \/>\n<meta property=\"og:site_name\" content=\"axxalon.com\" \/>\n<meta property=\"article:modified_time\" content=\"2025-07-26T21:09:44+00:00\" \/>\n<meta name=\"twitter:card\" content=\"summary_large_image\" \/>\n<meta name=\"twitter:label1\" content=\"Dur\u00e9e de lecture estim\u00e9e\" \/>\n\t<meta name=\"twitter:data1\" content=\"5 minutes\" \/>\n<script type=\"application\/ld+json\" class=\"yoast-schema-graph\">{\"@context\":\"https:\\\/\\\/schema.org\",\"@graph\":[{\"@type\":\"WebPage\",\"@id\":\"https:\\\/\\\/axxalon.com\\\/fr\\\/merci\\\/\",\"url\":\"https:\\\/\\\/axxalon.com\\\/fr\\\/merci\\\/\",\"name\":\"Merci ! - axxalon.com\",\"isPartOf\":{\"@id\":\"https:\\\/\\\/axxalon.com\\\/fr\\\/#website\"},\"datePublished\":\"2025-01-26T20:54:30+00:00\",\"dateModified\":\"2025-07-26T21:09:44+00:00\",\"breadcrumb\":{\"@id\":\"https:\\\/\\\/axxalon.com\\\/fr\\\/merci\\\/#breadcrumb\"},\"inLanguage\":\"fr-FR\",\"potentialAction\":[{\"@type\":\"ReadAction\",\"target\":[\"https:\\\/\\\/axxalon.com\\\/fr\\\/merci\\\/\"]}]},{\"@type\":\"BreadcrumbList\",\"@id\":\"https:\\\/\\\/axxalon.com\\\/fr\\\/merci\\\/#breadcrumb\",\"itemListElement\":[{\"@type\":\"ListItem\",\"position\":1,\"name\":\"MES Software Anbieter\",\"item\":\"https:\\\/\\\/axxalon.com\\\/fr\\\/accueil\\\/\"},{\"@type\":\"ListItem\",\"position\":2,\"name\":\"Merci !\"}]},{\"@type\":\"WebSite\",\"@id\":\"https:\\\/\\\/axxalon.com\\\/fr\\\/#website\",\"url\":\"https:\\\/\\\/axxalon.com\\\/fr\\\/\",\"name\":\"axxalon.com\",\"description\":\"\",\"potentialAction\":[{\"@type\":\"SearchAction\",\"target\":{\"@type\":\"EntryPoint\",\"urlTemplate\":\"https:\\\/\\\/axxalon.com\\\/fr\\\/?s={search_term_string}\"},\"query-input\":{\"@type\":\"PropertyValueSpecification\",\"valueRequired\":true,\"valueName\":\"search_term_string\"}}],\"inLanguage\":\"fr-FR\"}]}<\/script>\n<!-- \/ Yoast SEO plugin. -->","yoast_head_json":{"title":"Merci ! - axxalon.com","robots":{"index":"noindex","follow":"follow"},"og_locale":"fr_FR","og_type":"article","og_title":"Merci ! - axxalon.com","og_url":"https:\/\/axxalon.com\/fr\/merci\/","og_site_name":"axxalon.com","article_modified_time":"2025-07-26T21:09:44+00:00","twitter_card":"summary_large_image","twitter_misc":{"Dur\u00e9e de lecture estim\u00e9e":"5 minutes"},"schema":{"@context":"https:\/\/schema.org","@graph":[{"@type":"WebPage","@id":"https:\/\/axxalon.com\/fr\/merci\/","url":"https:\/\/axxalon.com\/fr\/merci\/","name":"Merci ! - axxalon.com","isPartOf":{"@id":"https:\/\/axxalon.com\/fr\/#website"},"datePublished":"2025-01-26T20:54:30+00:00","dateModified":"2025-07-26T21:09:44+00:00","breadcrumb":{"@id":"https:\/\/axxalon.com\/fr\/merci\/#breadcrumb"},"inLanguage":"fr-FR","potentialAction":[{"@type":"ReadAction","target":["https:\/\/axxalon.com\/fr\/merci\/"]}]},{"@type":"BreadcrumbList","@id":"https:\/\/axxalon.com\/fr\/merci\/#breadcrumb","itemListElement":[{"@type":"ListItem","position":1,"name":"MES Software Anbieter","item":"https:\/\/axxalon.com\/fr\/accueil\/"},{"@type":"ListItem","position":2,"name":"Merci !"}]},{"@type":"WebSite","@id":"https:\/\/axxalon.com\/fr\/#website","url":"https:\/\/axxalon.com\/fr\/","name":"axxalon.com","description":"","potentialAction":[{"@type":"SearchAction","target":{"@type":"EntryPoint","urlTemplate":"https:\/\/axxalon.com\/fr\/?s={search_term_string}"},"query-input":{"@type":"PropertyValueSpecification","valueRequired":true,"valueName":"search_term_string"}}],"inLanguage":"fr-FR"}]}},"_links":{"self":[{"href":"https:\/\/axxalon.com\/fr\/wp-json\/wp\/v2\/pages\/2138","targetHints":{"allow":["GET"]}}],"collection":[{"href":"https:\/\/axxalon.com\/fr\/wp-json\/wp\/v2\/pages"}],"about":[{"href":"https:\/\/axxalon.com\/fr\/wp-json\/wp\/v2\/types\/page"}],"author":[{"embeddable":true,"href":"https:\/\/axxalon.com\/fr\/wp-json\/wp\/v2\/users\/1"}],"replies":[{"embeddable":true,"href":"https:\/\/axxalon.com\/fr\/wp-json\/wp\/v2\/comments?post=2138"}],"version-history":[{"count":5,"href":"https:\/\/axxalon.com\/fr\/wp-json\/wp\/v2\/pages\/2138\/revisions"}],"predecessor-version":[{"id":2773,"href":"https:\/\/axxalon.com\/fr\/wp-json\/wp\/v2\/pages\/2138\/revisions\/2773"}],"wp:attachment":[{"href":"https:\/\/axxalon.com\/fr\/wp-json\/wp\/v2\/media?parent=2138"}],"curies":[{"name":"wp","href":"https:\/\/api.w.org\/{rel}","templated":true}]}}